{"id":25,"date":"2013-08-05T21:57:46","date_gmt":"2013-08-05T19:57:46","guid":{"rendered":"http:\/\/www.tinalindemann.com\/?page_id=25"},"modified":"2023-08-06T16:42:18","modified_gmt":"2023-08-06T14:42:18","slug":"home","status":"publish","type":"page","link":"https:\/\/www.tinalindemann.com\/","title":{"rendered":"Home"},"content":{"rendered":"\n<p>WILLKOMMEN AUF DER WEBSITE VON<br>DR. TINA LINDEMANN<\/p>\n\n\n<div class=\"wp-block-image\">\n<figure class=\"alignleft\"><a href=\"https:\/\/www.tinalindemann.com\/wp-content\/uploads\/2013\/08\/tina_lindemann_0_rgb-199x3001.jpg\"><img loading=\"lazy\" decoding=\"async\" width=\"199\" height=\"300\" src=\"https:\/\/www.tinalindemann.com\/wp-content\/uploads\/2013\/08\/tina_lindemann_0_rgb-199x3001.jpg\" alt=\"tina_lindemann_0_rgb-199x300\" class=\"wp-image-86\"\/><\/a><\/figure><\/div>\n\n\n<p>Hier finden Sie Informationen \u00fcber mich, mein Angebot und verschiedene&nbsp; Veranstaltungen zum Thema Energiemedizin und Wilhelm Reich.<\/p>\n\n\n\n<p>Bei Fragen zur \u00e4rztlichen K\u00f6rpertherapie nach Wilhelm Reich erreichen sie mich\u00a0am besten per Email \u00fcber die Kontakt-Seite.<\/p>\n\n\n\n<p>Als \u00c4rztin biete ich haupts\u00e4chlich Behandlungen und Beratungen f\u00fcr Menschen mit k\u00f6rperlichen Erkrankungen an, die erg\u00e4nzend zur bereits laufenden Therapie am eigenen Heilungspotential arbeiten m\u00f6chten, oder noch Unterst\u00fctzung bei der Suche nach ihrer individuellen Therapiezusammenstellung brauchen.<\/p>\n\n\n\n<p>Sie k\u00f6nnen sich auch gern in meinen Verteiler eintragen lassen und bekommen so alle aktuellen Workshop und Veranstaltungstermine mitgeteilt.<\/p>\n\n\n\n<p><\/p>\n\n\n\n<p><\/p>\n\n\n\n<p><\/p>\n\n\n\n<p><\/p>\n\n\n\n<p><\/p>\n\n\n\n<p>Aktuell:<\/p>\n\n\n\n<p><span style=\"color: #0000ff;\">&nbsp;Eine echte Empfehlung f\u00fcr alle, nicht nur Menschen mit Kindern:<\/span><\/p>\n\n\n\n<h5 class=\"wp-block-heading yiv5205145605MsoNormal\" id=\"yui_3_16_0_ym19_1_1519295179173_33210\"><span style=\"color: #0000ff;\">&nbsp;\u201eNicht von schlechten Eltern\u201c (urspr\u00fcnglich &#8222;Cry Baby, Cry\u201c) von Antonin Svoboda<\/span><\/h5>\n\n\n\n<p class=\"yiv5205145605MsoNormal\" id=\"yui_3_16_0_ym19_1_1519295179173_33214\">Der Film thematisiert&nbsp;die Herausforderungen der ersten Lebensphase eines Menschen, der Zeit vor,&nbsp;w\u00e4hrend und nach der Geburt \u2013 aus der Perspektive des Kindes, der Eltern und&nbsp;des Therapeuten.<br>\u00dcber ein Jahr lang begleitet&nbsp;Antonin Svoboda den Familientherapeuten Thomas Harms sowie drei Familien mit&nbsp;neugeborenen Babys und Kleinkindern, deren Probleme ganz unterschiedlich sind.<\/p>\n\n\n\n<p class=\"yiv5205145605MsoNormal\" id=\"yui_3_16_0_ym19_1_1519295179173_33217\">Der Film hat bei der Viennale im letzten Herbst mit seinem Thema und dessen filmischer Umsetzung gro\u00dfes Interesse hervorgerufen.<\/p>\n\n\n\n<figure class=\"wp-block-embed is-type-video is-provider-youtube wp-block-embed-youtube wp-embed-aspect-16-9 wp-has-aspect-ratio\"><div class=\"wp-block-embed__wrapper\">\n<iframe loading=\"lazy\" title=\"Nicht von schlechten Eltern -  Trailer\" width=\"500\" height=\"281\" src=\"https:\/\/www.youtube.com\/embed\/2a_l6NP19Bc?feature=oembed\" frameborder=\"0\" allow=\"accelerometer; autoplay; clipboard-write; encrypted-media; gyroscope; picture-in-picture; web-share\" allowfullscreen><\/iframe>\n<\/div><\/figure>\n\n\n\n<p><span style=\"color: #ff6600;\">&nbsp;<\/span><\/p>\n","protected":false},"excerpt":{"rendered":"<p>WILLKOMMEN AUF DER WEBSITE VONDR. TINA LINDEMANN Hier finden Sie Informationen \u00fcber mich, mein Angebot und verschiedene&nbsp; Veranstaltungen zum Thema Energiemedizin und Wilhelm Reich. Bei Fragen zur \u00e4rztlichen K\u00f6rpertherapie nach Wilhelm Reich erreichen sie mich\u00a0am besten per Email \u00fcber die Kontakt-Seite. Als \u00c4rztin biete ich haupts\u00e4chlich Behandlungen und Beratungen f\u00fcr Menschen mit k\u00f6rperlichen Erkrankungen an, [&hellip;]<\/p>\n","protected":false},"author":1,"featured_media":0,"parent":0,"menu_order":0,"comment_status":"open","ping_status":"open","template":"","meta":{"footnotes":""},"_links":{"self":[{"href":"https:\/\/www.tinalindemann.com\/index.php?rest_route=\/wp\/v2\/pages\/25"}],"collection":[{"href":"https:\/\/www.tinalindemann.com\/index.php?rest_route=\/wp\/v2\/pages"}],"about":[{"href":"https:\/\/www.tinalindemann.com\/index.php?rest_route=\/wp\/v2\/types\/page"}],"author":[{"embeddable":true,"href":"https:\/\/www.tinalindemann.com\/index.php?rest_route=\/wp\/v2\/users\/1"}],"replies":[{"embeddable":true,"href":"https:\/\/www.tinalindemann.com\/index.php?rest_route=%2Fwp%2Fv2%2Fcomments&post=25"}],"version-history":[{"count":2,"href":"https:\/\/www.tinalindemann.com\/index.php?rest_route=\/wp\/v2\/pages\/25\/revisions"}],"predecessor-version":[{"id":219,"href":"https:\/\/www.tinalindemann.com\/index.php?rest_route=\/wp\/v2\/pages\/25\/revisions\/219"}],"wp:attachment":[{"href":"https:\/\/www.tinalindemann.com\/index.php?rest_route=%2Fwp%2Fv2%2Fmedia&parent=25"}],"curies":[{"name":"wp","href":"https:\/\/api.w.org\/{rel}","templated":true}]}}