{"id":29,"date":"2013-08-05T21:57:46","date_gmt":"2013-08-05T19:57:46","guid":{"rendered":"http:\/\/www.tinalindemann.com\/?page_id=29"},"modified":"2024-03-05T12:15:50","modified_gmt":"2024-03-05T10:15:50","slug":"orgontherapie","status":"publish","type":"page","link":"https:\/\/www.tinalindemann.com\/?page_id=29","title":{"rendered":"Orgontherapie"},"content":{"rendered":"<p>Orgontherapie auf der Arbeit von Wilhelm Reich und der Weiterentwicklung durch Heiko Lassek. Orgon bezeichnet die Lebensenergie, die im K\u00f6rper allen Prozessen zugrunde liegt. Ihr Vorhandensein und ihre freie Beweglichkeit und Pulsation im K\u00f6rper bilden die Voraussetzung f\u00fcr Gesundheit und Wohlbefinden.<\/p>\n<p>Ein Ungleichgewicht oder Stau im Vegetativum kann sowohl zu k\u00f6rperlichen als auch psychischen Symptomen f\u00fchren.<\/p>\n<p>Die Behandlung zielt auf die Wiederherstellung der freien Pulsation, und damit auch auf ein bewegliches vegetatives Nervensystem.<\/p>\n<p>Eine Orgontherapie bietet sich bei fast allen St\u00f6rungen von Gesundheit und Wohlbefinden an. Sie kann alleinige Therapie oder zur Vorbeugung eingesetzt werden, oder begleitend und unterst\u00fctzend neben schulmedizinischer, naturheilkundlicher oder psychologischer Behandlung.<\/p>\n<p>Orgontherapie eignet sich bei einer Vielzahl von Erkrankungen, beispielsweise:<\/p>\n<div>\n<ul>\n<li>Schmerzen, rheumatische Beschwerden<\/li>\n<li>Migr\u00e4ne, Schwindel, Schlafst\u00f6rungen<\/li>\n<li>Ersch\u00f6pfungszust\u00e4nde, chronischer Stress<\/li>\n<li>Schilddr\u00fcsen-Funktionsst\u00f6rungen<\/li>\n<li>Bluthochdruck<\/li>\n<li>Verdauungsbeschwerden, Magengeschw\u00fcre<\/li>\n<li>Zellver\u00e4nderungen am Muttermund (PAP-Abstrich)<\/li>\n<li>CLL<\/li>\n<li>Autoimmunerkrankungen<\/li>\n<\/ul>\n<p>Eine Therapiesitzung dauert 90 Minuten und verl\u00e4uft in 3 Phasen:<\/p>\n<p>Sie beginnt mit einem therapeutischen Gespr\u00e4ch. Darauf folgt eine aktive Phase mit vertiefenden Atem\u00fcbungen, Spannungshaltungen und Bewegungen. Dies regt die beiden Teile des Vegetativums an und\u00a0 macht sowohl den K\u00f6rper, als auch die Emotionen\u00a0 besser sp\u00fcrbar und ausdr\u00fcckbar.<\/p>\n<p>Sie endet mit einer ruhigen, tief entspannenden Phase in der eine tiefere Verankerung des Erlebten erm\u00f6glicht wird.<\/p>\n<p>&nbsp;<\/p>\n<\/div>\n","protected":false},"excerpt":{"rendered":"<p>Orgontherapie auf der Arbeit von Wilhelm Reich und der Weiterentwicklung durch Heiko Lassek. Orgon bezeichnet die Lebensenergie, die im K\u00f6rper allen Prozessen zugrunde liegt. Ihr Vorhandensein und ihre freie Beweglichkeit und Pulsation im K\u00f6rper bilden die Voraussetzung f\u00fcr Gesundheit und Wohlbefinden. Ein Ungleichgewicht oder Stau im Vegetativum kann sowohl zu k\u00f6rperlichen als auch psychischen Symptomen [&hellip;]<\/p>\n","protected":false},"author":1,"featured_media":0,"parent":0,"menu_order":0,"comment_status":"closed","ping_status":"open","template":"","meta":{"footnotes":""},"_links":{"self":[{"href":"https:\/\/www.tinalindemann.com\/index.php?rest_route=\/wp\/v2\/pages\/29"}],"collection":[{"href":"https:\/\/www.tinalindemann.com\/index.php?rest_route=\/wp\/v2\/pages"}],"about":[{"href":"https:\/\/www.tinalindemann.com\/index.php?rest_route=\/wp\/v2\/types\/page"}],"author":[{"embeddable":true,"href":"https:\/\/www.tinalindemann.com\/index.php?rest_route=\/wp\/v2\/users\/1"}],"replies":[{"embeddable":true,"href":"https:\/\/www.tinalindemann.com\/index.php?rest_route=%2Fwp%2Fv2%2Fcomments&post=29"}],"version-history":[{"count":2,"href":"https:\/\/www.tinalindemann.com\/index.php?rest_route=\/wp\/v2\/pages\/29\/revisions"}],"predecessor-version":[{"id":223,"href":"https:\/\/www.tinalindemann.com\/index.php?rest_route=\/wp\/v2\/pages\/29\/revisions\/223"}],"wp:attachment":[{"href":"https:\/\/www.tinalindemann.com\/index.php?rest_route=%2Fwp%2Fv2%2Fmedia&parent=29"}],"curies":[{"name":"wp","href":"https:\/\/api.w.org\/{rel}","templated":true}]}}