{"id":35,"date":"2013-08-05T21:57:46","date_gmt":"2013-08-05T19:57:46","guid":{"rendered":"http:\/\/www.tinalindemann.com\/?page_id=35"},"modified":"2023-08-06T16:21:37","modified_gmt":"2023-08-06T14:21:37","slug":"veranstaltungen-2","status":"publish","type":"page","link":"https:\/\/www.tinalindemann.com\/?page_id=35","title":{"rendered":"Veranstaltungen"},"content":{"rendered":"<div>\n<p><strong>Orgontherapie mit Dr. Tina Lindemann<\/strong><\/p>\n<p><strong>Offener Workshop zum Kennenlernen der Orgontherapie und \u00dcbungen zur energetischen Selbsthilfe<\/strong><\/p>\n<p>Ich biete immer wieder Workshops zur Orgontherapie und zum Erlernen von \u00dcbungen zur Aktivierung der Selbstheilungskr\u00e4fte aus verschiedenen Kulturen an, die f\u00fcr alle Neugierigen offen sind. Sollten Sie Interesse haben teilzunehmen, lassen Sie sich doch \u00fcber das Kontaktformular in meinen Verteiler eintragen, dann bekommen Sie alle Termine sofort mitgeteilt.<\/p>\n<p>Zur Zeit stehen noch keine aktuellen Termine fest.<\/p>\n<\/div>\n<p><span style=\"color: #ff9900;\">\u00a0<\/span><\/p>\n","protected":false},"excerpt":{"rendered":"<p>Orgontherapie mit Dr. Tina Lindemann Offener Workshop zum Kennenlernen der Orgontherapie und \u00dcbungen zur energetischen Selbsthilfe Ich biete immer wieder Workshops zur Orgontherapie und zum Erlernen von \u00dcbungen zur Aktivierung der Selbstheilungskr\u00e4fte aus verschiedenen Kulturen an, die f\u00fcr alle Neugierigen offen sind. Sollten Sie Interesse haben teilzunehmen, lassen Sie sich doch \u00fcber das Kontaktformular in [&hellip;]<\/p>\n","protected":false},"author":1,"featured_media":0,"parent":0,"menu_order":0,"comment_status":"open","ping_status":"open","template":"","meta":{"footnotes":""},"_links":{"self":[{"href":"https:\/\/www.tinalindemann.com\/index.php?rest_route=\/wp\/v2\/pages\/35"}],"collection":[{"href":"https:\/\/www.tinalindemann.com\/index.php?rest_route=\/wp\/v2\/pages"}],"about":[{"href":"https:\/\/www.tinalindemann.com\/index.php?rest_route=\/wp\/v2\/types\/page"}],"author":[{"embeddable":true,"href":"https:\/\/www.tinalindemann.com\/index.php?rest_route=\/wp\/v2\/users\/1"}],"replies":[{"embeddable":true,"href":"https:\/\/www.tinalindemann.com\/index.php?rest_route=%2Fwp%2Fv2%2Fcomments&post=35"}],"version-history":[{"count":1,"href":"https:\/\/www.tinalindemann.com\/index.php?rest_route=\/wp\/v2\/pages\/35\/revisions"}],"predecessor-version":[{"id":213,"href":"https:\/\/www.tinalindemann.com\/index.php?rest_route=\/wp\/v2\/pages\/35\/revisions\/213"}],"wp:attachment":[{"href":"https:\/\/www.tinalindemann.com\/index.php?rest_route=%2Fwp%2Fv2%2Fmedia&parent=35"}],"curies":[{"name":"wp","href":"https:\/\/api.w.org\/{rel}","templated":true}]}}