{"id":37,"date":"2013-08-05T21:57:46","date_gmt":"2013-08-05T19:57:46","guid":{"rendered":"http:\/\/www.tinalindemann.com\/?page_id=37"},"modified":"2024-03-05T12:18:54","modified_gmt":"2024-03-05T10:18:54","slug":"kontakt-2","status":"publish","type":"page","link":"https:\/\/www.tinalindemann.com\/?page_id=37","title":{"rendered":"Kontakt"},"content":{"rendered":"<p><span style=\"color: #0000ff;\">Tina Lindemann &#8211; approbierte \u00c4rztin, Mitglied der \u00c4rztekammer Wien<\/span><\/p>\n<p>Sie k\u00f6nnen mich unter oo43 \/ 699 \/ 12 01 68 23\u00a0 von Montag bis Freitag, 9 &#8211; 17 Uhr telefonisch erreichen, oder eine Nachricht und Ihre Nummer hinterlassen, ich rufe Sie gern zur\u00fcck.<\/p>\n<p>Au\u00dferdem k\u00f6nnen Sie mir gern eine Email schreiben, an<\/p>\n<p>tina.lindemann(at)yahoo.com<\/p>\n<p>zum Beispiel auch dann, wenn Sie in meinen Infoverteiler aufgenommen werden m\u00f6chten.<\/p>\n<p>Ordination in der Praxisgemeinschaft Schrittweise, Bennoplatz 6, 1080 Wien<\/p>\n\n\n<p><\/p>\n","protected":false},"excerpt":{"rendered":"<p>Tina Lindemann &#8211; approbierte \u00c4rztin, Mitglied der \u00c4rztekammer Wien Sie k\u00f6nnen mich unter oo43 \/ 699 \/ 12 01 68 23\u00a0 von Montag bis Freitag, 9 &#8211; 17 Uhr telefonisch erreichen, oder eine Nachricht und Ihre Nummer hinterlassen, ich rufe Sie gern zur\u00fcck. Au\u00dferdem k\u00f6nnen Sie mir gern eine Email schreiben, an tina.lindemann(at)yahoo.com zum Beispiel [&hellip;]<\/p>\n","protected":false},"author":1,"featured_media":0,"parent":0,"menu_order":0,"comment_status":"open","ping_status":"open","template":"","meta":{"footnotes":""},"_links":{"self":[{"href":"https:\/\/www.tinalindemann.com\/index.php?rest_route=\/wp\/v2\/pages\/37"}],"collection":[{"href":"https:\/\/www.tinalindemann.com\/index.php?rest_route=\/wp\/v2\/pages"}],"about":[{"href":"https:\/\/www.tinalindemann.com\/index.php?rest_route=\/wp\/v2\/types\/page"}],"author":[{"embeddable":true,"href":"https:\/\/www.tinalindemann.com\/index.php?rest_route=\/wp\/v2\/users\/1"}],"replies":[{"embeddable":true,"href":"https:\/\/www.tinalindemann.com\/index.php?rest_route=%2Fwp%2Fv2%2Fcomments&post=37"}],"version-history":[{"count":2,"href":"https:\/\/www.tinalindemann.com\/index.php?rest_route=\/wp\/v2\/pages\/37\/revisions"}],"predecessor-version":[{"id":224,"href":"https:\/\/www.tinalindemann.com\/index.php?rest_route=\/wp\/v2\/pages\/37\/revisions\/224"}],"wp:attachment":[{"href":"https:\/\/www.tinalindemann.com\/index.php?rest_route=%2Fwp%2Fv2%2Fmedia&parent=37"}],"curies":[{"name":"wp","href":"https:\/\/api.w.org\/{rel}","templated":true}]}}